{"id":12,"date":"2012-12-13T02:58:20","date_gmt":"2012-12-13T02:58:20","guid":{"rendered":"http:\/\/traduccionesprofesionales.mx\/traductores\/?page_id=12"},"modified":"2024-07-03T18:52:44","modified_gmt":"2024-07-03T18:52:44","slug":"contacto","status":"publish","type":"page","link":"https:\/\/traduccionesprofesionales.mx\/translate\/contacto\/","title":{"rendered":"Contacto"},"content":{"rendered":"<p><span style=\"font-size: 18px;\"><strong>Ponte en contacto con nosotros y cotiza con uno de nuestros expertos, el servicio de traducci\u00f3n para tus documentos, v\u00eddeos, grabaciones, eventos, etc&#8230;<\/strong><\/span><\/p>\n<p>&nbsp;<\/p>\n<p><span style=\"font-size: 18px;\"><strong>Tel\u00e9fonos de Atenci\u00f3n y Whatsapp:<\/strong><\/span><\/p>\n<ul>\n<li><strong><span style=\"font-size: 18px;\"><em>55-1107-7830.<\/em><\/span><\/strong><\/li>\n<\/ul>\n<p><a href=\"https:\/\/wa.me\/+525511077830\" target=\"_blank\" rel=\"noopener\"><img loading=\"lazy\" decoding=\"async\" class=\"alignleft wp-image-346\" src=\"https:\/\/traduccionesprofesionales.mx\/translate\/wp-content\/uploads\/2024\/07\/Screenshot-2024-07-03-at-12.45.06.png\" alt=\"Manda un Whatss\" width=\"195\" height=\"60\" \/><\/a><\/p>\n<p>&nbsp;<\/p>\n<p>&nbsp;<\/p>\n<p>&nbsp;<\/p>\n<p><img loading=\"lazy\" decoding=\"async\" class=\"alignnone\" title=\"Nuestra Oficina - Traducciones Profesionales\" src=\"http:\/\/www.tpro.mx\/Traducciones_Profesionales\/Acerca_de_files\/shapeimage_18.png\" alt=\"Traducciones Profesionales\" width=\"224\" height=\"298\" \/><img loading=\"lazy\" decoding=\"async\" class=\"alignnone\" title=\"Muchos Idiomas\" src=\"http:\/\/www.tpro.mx\/Traducciones_Profesionales\/Acerca_de_files\/shapeimage_17.png\" alt=\"\" width=\"240\" height=\"297\" \/><\/p>\n<p><iframe loading=\"lazy\" tabindex=\"0\" src=\"https:\/\/www.google.com\/maps\/embed?pb=!1m14!1m8!1m3!1d15053.410182333891!2d-99.1716697!3d19.3971678!3m2!1i1024!2i768!4f13.1!3m3!1m2!1s0x0%3A0xb1c9d97f86666706!2sAGENCIA%20TRADUCCIONES%20PROFESIONALES!5e0!3m2!1ses!2smx!4v1595572192204!5m2!1ses!2smx\" width=\"400\" height=\"300\" frameborder=\"0\" allowfullscreen=\"allowfullscreen\"><\/iframe><\/p>\n","protected":false},"excerpt":{"rendered":"<p>Ponte en contacto con nosotros y cotiza con uno de nuestros expertos, el servicio de traducci\u00f3n para tus documentos, v\u00eddeos, grabaciones, eventos, etc&#8230; &nbsp; Tel\u00e9fonos de Atenci\u00f3n y Whatsapp: 55-1107-7830. &nbsp; &nbsp; &nbsp;<\/p>\n","protected":false},"author":1,"featured_media":0,"parent":0,"menu_order":0,"comment_status":"closed","ping_status":"closed","template":"","meta":{"footnotes":""},"_links":{"self":[{"href":"https:\/\/traduccionesprofesionales.mx\/translate\/wp-json\/wp\/v2\/pages\/12"}],"collection":[{"href":"https:\/\/traduccionesprofesionales.mx\/translate\/wp-json\/wp\/v2\/pages"}],"about":[{"href":"https:\/\/traduccionesprofesionales.mx\/translate\/wp-json\/wp\/v2\/types\/page"}],"author":[{"embeddable":true,"href":"https:\/\/traduccionesprofesionales.mx\/translate\/wp-json\/wp\/v2\/users\/1"}],"replies":[{"embeddable":true,"href":"https:\/\/traduccionesprofesionales.mx\/translate\/wp-json\/wp\/v2\/comments?post=12"}],"version-history":[{"count":30,"href":"https:\/\/traduccionesprofesionales.mx\/translate\/wp-json\/wp\/v2\/pages\/12\/revisions"}],"predecessor-version":[{"id":351,"href":"https:\/\/traduccionesprofesionales.mx\/translate\/wp-json\/wp\/v2\/pages\/12\/revisions\/351"}],"wp:attachment":[{"href":"https:\/\/traduccionesprofesionales.mx\/translate\/wp-json\/wp\/v2\/media?parent=12"}],"curies":[{"name":"wp","href":"https:\/\/api.w.org\/{rel}","templated":true}]}}