{"id":10,"date":"2012-12-13T02:58:07","date_gmt":"2012-12-13T02:58:07","guid":{"rendered":"http:\/\/traduccionesprofesionales.mx\/traductores\/?page_id=10"},"modified":"2013-07-10T23:55:22","modified_gmt":"2013-07-10T23:55:22","slug":"traducciones-de-texto-patentes","status":"publish","type":"page","link":"https:\/\/traduccionesprofesionales.mx\/translate\/servicios-de-traduccion\/traducciones-de-texto-patentes\/","title":{"rendered":"Traducci\u00f3n de Idiomas"},"content":{"rendered":"<div align=\"center\">\n<h2>Traducciones Profesionales M\u00e9xico. Tomamos en cuenta sus necesidades de tiempo y le ofrecemos un presupuesto de inmediato.<\/h2>\n<h2>Todas las traducciones son diferentes y requieren de traductores especializados.\u00a0Traducciones Profesionales M\u00e9xico ofrece tres clases de traducci\u00f3n para satisfacer diferentes necesidades.<\/h2>\n<table style=\"width: 80%;\" border=\"0\" cellpadding=\"3\" align=\"center\">\n<tbody>\n<tr>\n<td bgcolor=\"#E8E8E8\" width=\"25%\">Traducciones Legales<\/td>\n<td bgcolor=\"#E8E8E8\" width=\"70%\">El traductor legal va m\u00e1s all\u00e1 de la simple traducci\u00f3n, ya que este tipo de documentos requiere la m\u00e1xima precisi\u00f3n e interpretaci\u00f3n del contexto y de los hechos que ah\u00ed se detallan. Independientemente de editar y revisar el texto, \u00a0los peritos en la materia, para lograr el 100% de satisfacci\u00f3n en nuestros clientes.\u00a0Garantizado.<\/td>\n<\/tr>\n<tr>\n<td bgcolor=\"#E8E8E8\" width=\"25%\">Traducciones generales de t\u00e9cnicas, de comercio y negocios<\/td>\n<td bgcolor=\"#E8E8E8\" width=\"70%\">Traducciones t\u00e9cnicas y de negocios exactas y efectivas en las que usted puede confiar. Para Traducciones Profesionales M\u00e9xico la calidad es primordial.<\/td>\n<\/tr>\n<tr>\n<td bgcolor=\"#E8E8E8\" width=\"25%\">Traducciones para uso interno<\/td>\n<td bgcolor=\"#E8E8E8\" width=\"70%\">Traducciones de manuales, lineamientos e instrucciones para uso interno de la compa\u00f1\u00eda.<\/td>\n<\/tr>\n<\/tbody>\n<\/table>\n<blockquote>\n<table style=\"width: 80%;\" align=\"center\">\n<tbody>\n<tr>\n<td width=\"5%\"><\/td>\n<td width=\"95%\"><span style=\"color: #ff0000; font-size: xx-small;\"><strong>*<\/strong><\/span>\u00a0Nuestras\u00a0Traducciones son precisas, de alta calidad y muy confiables.<\/td>\n<\/tr>\n<\/tbody>\n<\/table>\n<p>Nunca nos ha solicitado un trabajo de traducci\u00f3n antes?\u00a0Hemos a\u00f1adido una pesta\u00f1a de <a title=\"Preguntas Frequentes\" href=\"http:\/\/traduccionesprofesionales.mx\/traductores\/preguntas-frequentes\/\" target=\"_blank\">Preguntas Frecuentes<\/a> que le ser\u00e1 de ayuda.<\/p><\/blockquote>\n<h3>[jazzy form=&#8221;tp_cot2&#8243;]<\/h3>\n<p>&nbsp;<\/p>\n<p>&nbsp;<\/p>\n<h3>Ponte en contacto con nosotros y m\u00e1ndanos tu archivo a traducir, as\u00ed como los requerimientos y fecha de entrega que requieres.<\/h3>\n<p>&nbsp;<\/p>\n<h3>Precios<\/h3>\n<blockquote><p>Los precios por traducci\u00f3n se calculan de la siguiente forma:<\/p>\n<ul>\n<li style=\"text-align: left;\">Por n\u00famero de palabras \/ caracteres en el documento fuente<\/li>\n<li style=\"text-align: left;\">Formato de los documentos originales y traducidos<\/li>\n<li style=\"text-align: left;\">Combinaciones de idiomas a traducir.<\/li>\n<li style=\"text-align: left;\">Tipo de traducci\u00f3n<\/li>\n<li style=\"text-align: left;\">Complejidad<\/li>\n<li style=\"text-align: left;\">Fecha de entrega<\/li>\n<\/ul>\n<\/blockquote>\n<h3>Idiomas<\/h3>\n<blockquote>\n<ul>\n<li style=\"text-align: left;\">Traducimos todos los idiomas de negocios m\u00e1s importantes:<\/li>\n<li style=\"text-align: left;\">Ingl\u00e9s a espa\u00f1ol, \u00a0ingl\u00e9s a franc\u00e9s, ingl\u00e9s a portugu\u00e9s, ingl\u00e9s a italiano, ingl\u00e9s a alem\u00e1n.<\/li>\n<li style=\"text-align: left;\">Espa\u00f1ol a ingl\u00e9s, espa\u00f1ol a\u00a0franc\u00e9s, espa\u00f1ol a\u00a0portugu\u00e9s, espa\u00f1ol a\u00a0italiano, espa\u00f1ol a\u00a0alem\u00e1n.<\/li>\n<li style=\"text-align: left;\">Contamos con traductores especializados en las diferentes materias.<\/li>\n<\/ul>\n<p>Formatos de documento<\/p><\/blockquote>\n<blockquote>\n<p style=\"text-align: left;\">Nosotros nos encargamos de todos los formatos de documentos, incluyendo Microsoft Office.\u00a0Los documentos pueden ser presentados y entregados por correo electr\u00f3nico o fax, adem\u00e1s de la copia impresa tradicional.\u00a0Las traducciones pueden ser certificadas y legalizadas por peritos traductores, autorizados por los diversos tribunales federales y locales para satisfacer todas sus necesidades.\u00a0Nos comprometemos a la estricta confidencialidad, privacidad y seguridad de su informaci\u00f3n, por lo que estamos dispuestos a celebrar convenios de confidencialidad con nuestros clientes.<\/p>\n<\/blockquote>\n<h3>Experiencia<\/h3>\n<blockquote><p>Nos especializamos en trabajos de traducci\u00f3n de<\/p>\n<p>&nbsp;<\/p>\n<ul>\n<li style=\"text-align: left;\">Patentes<\/li>\n<li style=\"text-align: left;\">Contratos<\/li>\n<li style=\"text-align: left;\">Industria Cinematogr\u00e1fica y Medios<\/li>\n<li style=\"text-align: left;\">Folletos<\/li>\n<li style=\"text-align: left;\">Documentos de registro de marcas<\/li>\n<li style=\"text-align: left;\">Documentos legales<\/li>\n<li style=\"text-align: left;\">sitios\u00a0World Wide Web<\/li>\n<li style=\"text-align: left;\">Negocios \u00a0y correspondencia<\/li>\n<li style=\"text-align: left;\">Manuales t\u00e9cnicos y de usuario<\/li>\n<li style=\"text-align: left;\">Art\u00edculos de revistas e informes<\/li>\n<li style=\"text-align: left;\">Publicidad y marketing copia<\/li>\n<li style=\"text-align: left;\">Manuales de mantenimiento y folletos de instrucciones<\/li>\n<li style=\"text-align: left;\">Dise\u00f1os de Maquinaria<\/li>\n<\/ul>\n<p style=\"text-align: left;\">Esta es s\u00f3lo una peque\u00f1a muestra de los tipos de trabajo que realizamos.\u00a0Si su requerimiento no se menciona, con gusto lo atenderemos personalmente.<\/p>\n<\/blockquote>\n<h3>\u00bfPor qu\u00e9 elegir Traducciones Profesionales M\u00e9xico?<\/h3>\n<ol>\n<ol>\n<li style=\"text-align: left;\"><strong>Alta seguridad:<\/strong>\u00a0Si s\u00f3lo acepta documentos de calidad y confidenciales somos su mejor opci\u00f3n.<\/li>\n<li style=\"text-align: left;\"><strong>Calidad:<\/strong>\u00a0 \u00a0eficacia de las traducciones profesionales a precios realistas.<\/li>\n<li style=\"text-align: left;\"><strong>Valor:<\/strong>\u00a0Cuando los presupuestos son limitados, elija traducciones con entrega normal de tiempo. Nuestros tiempos de entrega son excelentes, aunque tambi\u00e9n contamos con tiempos de entrega urgentes.<\/li>\n<li style=\"text-align: left;\"><strong>Servicio personal:<\/strong>\u00a0Nos apasiona proporcionar los m\u00e1s altos niveles de servicio personalizado.\u00a0Estamos aqu\u00ed para ayudarle en todo lo que podamos.Ll\u00e1menos ahora al 5687 3893.\u00a0Alternativamente,\u00a0env\u00edenos su informaci\u00f3n y te llamaremos de forma totalmente gratuita y sin compromiso.<\/li>\n<li style=\"text-align: left;\"><strong>La presencia local, alcance global:<\/strong>\u00a0un \u00fanico punto de contacto en M\u00e9xico, con los traductores que se ubican en todo el pa\u00eds y que trabajan d\u00eda y noche para tener su traducci\u00f3n lista en la fecha prometida.<\/li>\n<li style=\"text-align: left;\"><strong>Seguridad y sencillez:<\/strong>\u00a0La seguridad y la sencillez de tratar con una empresa establecida y con sede en la Ciudad de M\u00e9xico<\/li>\n<li style=\"text-align: left;\"><strong>Trayectoria:<\/strong>\u00a0 Tenemos presencia en el negocio de servicios de idiomas desde hace m\u00e1s de veinte a\u00f1os y estamos comprometidos a utilizar esta experiencia para brindarle el mejor servicio.<\/li>\n<\/ol>\n<\/ol>\n<\/div>\n","protected":false},"excerpt":{"rendered":"<p>Traducciones Profesionales M\u00e9xico. Tomamos en cuenta sus necesidades de tiempo y le ofrecemos un presupuesto de inmediato. Todas las traducciones son diferentes y requieren de traductores especializados.\u00a0Traducciones Profesionales M\u00e9xico ofrece tres clases de traducci\u00f3n para satisfacer diferentes necesidades. Traducciones Legales El traductor legal va m\u00e1s all\u00e1 de la simple traducci\u00f3n, ya que este tipo de [&hellip;]<\/p>\n","protected":false},"author":1,"featured_media":0,"parent":177,"menu_order":0,"comment_status":"closed","ping_status":"closed","template":"","meta":{"footnotes":""},"_links":{"self":[{"href":"https:\/\/traduccionesprofesionales.mx\/translate\/wp-json\/wp\/v2\/pages\/10"}],"collection":[{"href":"https:\/\/traduccionesprofesionales.mx\/translate\/wp-json\/wp\/v2\/pages"}],"about":[{"href":"https:\/\/traduccionesprofesionales.mx\/translate\/wp-json\/wp\/v2\/types\/page"}],"author":[{"embeddable":true,"href":"https:\/\/traduccionesprofesionales.mx\/translate\/wp-json\/wp\/v2\/users\/1"}],"replies":[{"embeddable":true,"href":"https:\/\/traduccionesprofesionales.mx\/translate\/wp-json\/wp\/v2\/comments?post=10"}],"version-history":[{"count":24,"href":"https:\/\/traduccionesprofesionales.mx\/translate\/wp-json\/wp\/v2\/pages\/10\/revisions"}],"predecessor-version":[{"id":244,"href":"https:\/\/traduccionesprofesionales.mx\/translate\/wp-json\/wp\/v2\/pages\/10\/revisions\/244"}],"up":[{"embeddable":true,"href":"https:\/\/traduccionesprofesionales.mx\/translate\/wp-json\/wp\/v2\/pages\/177"}],"wp:attachment":[{"href":"https:\/\/traduccionesprofesionales.mx\/translate\/wp-json\/wp\/v2\/media?parent=10"}],"curies":[{"name":"wp","href":"https:\/\/api.w.org\/{rel}","templated":true}]}}